{"id":27,"date":"2025-04-17T23:55:32","date_gmt":"2025-04-17T21:55:32","guid":{"rendered":"http:\/\/trademar.eu\/?page_id=27"},"modified":"2025-04-29T07:26:15","modified_gmt":"2025-04-29T05:26:15","slug":"strona-glowna","status":"publish","type":"page","link":"https:\/\/trademar.eu\/","title":{"rendered":"Strona g\u0142\u00f3wna"},"content":{"rendered":"\n<p>Witamy na stronie producenta mebli tapicerowanych, gdzie pasja do designu \u0142\u0105czy si\u0119 z najwy\u017csz\u0105 jako\u015bci\u0105 wykonania. Tworzymy meble, kt\u00f3re zachwycaj\u0105 wygod\u0105, trwa\u0142o\u015bci\u0105 i ponadczasowym stylem \u2013 specjalnie dla Twojego domu i wn\u0119trz pe\u0142nych charakteru.<\/p>\n\n\n\n<p><\/p>\n","protected":false},"excerpt":{"rendered":"<p>Witamy na stronie producenta mebli tapicerowanych, gdzie pasja do designu \u0142\u0105czy si\u0119 z najwy\u017csz\u0105 jako\u015bci\u0105 wykonania. Tworzymy meble, kt\u00f3re zachwycaj\u0105 wygod\u0105, trwa\u0142o\u015bci\u0105 i ponadczasowym stylem \u2013 specjalnie dla Twojego domu i wn\u0119trz pe\u0142nych charakteru.<\/p>\n","protected":false},"author":1,"featured_media":0,"parent":0,"menu_order":0,"comment_status":"closed","ping_status":"closed","template":"","meta":{"footnotes":""},"class_list":["post-27","page","type-page","status-publish","hentry"],"aioseo_notices":[],"_links":{"self":[{"href":"https:\/\/trademar.eu\/index.php\/wp-json\/wp\/v2\/pages\/27","targetHints":{"allow":["GET"]}}],"collection":[{"href":"https:\/\/trademar.eu\/index.php\/wp-json\/wp\/v2\/pages"}],"about":[{"href":"https:\/\/trademar.eu\/index.php\/wp-json\/wp\/v2\/types\/page"}],"author":[{"embeddable":true,"href":"https:\/\/trademar.eu\/index.php\/wp-json\/wp\/v2\/users\/1"}],"replies":[{"embeddable":true,"href":"https:\/\/trademar.eu\/index.php\/wp-json\/wp\/v2\/comments?post=27"}],"version-history":[{"count":5,"href":"https:\/\/trademar.eu\/index.php\/wp-json\/wp\/v2\/pages\/27\/revisions"}],"predecessor-version":[{"id":118,"href":"https:\/\/trademar.eu\/index.php\/wp-json\/wp\/v2\/pages\/27\/revisions\/118"}],"wp:attachment":[{"href":"https:\/\/trademar.eu\/index.php\/wp-json\/wp\/v2\/media?parent=27"}],"curies":[{"name":"wp","href":"https:\/\/api.w.org\/{rel}","templated":true}]}}