{"id":28,"date":"2025-04-17T23:55:32","date_gmt":"2025-04-17T21:55:32","guid":{"rendered":"http:\/\/trademar.eu\/?page_id=28"},"modified":"2025-04-29T04:03:22","modified_gmt":"2025-04-29T02:03:22","slug":"informacje","status":"publish","type":"page","link":"https:\/\/trademar.eu\/index.php\/informacje\/","title":{"rendered":"O nas"},"content":{"rendered":"\n<p><strong>TRADEMAR Marek St\u0119pie\u0144 \u2013 Tworzymy Meble Tapicerowane z Charakterem<\/strong><\/p>\n\n\n\n<p>TRADEMAR to marka, kt\u00f3ra od 2010 roku nieustannie udowadnia, \u017ce pasja i do\u015bwiadczenie s\u0105 fundamentem doskona\u0142ych mebli. Specjalizujemy si\u0119 w produkcji mebli tapicerowanych, realizuj\u0105c projekty z my\u015bl\u0105 o najwy\u017cszej jako\u015bci wykonania i pe\u0142nym zadowoleniu klient\u00f3w.<\/p>\n\n\n\n<p>Nasze meble powstaj\u0105 od podstaw \u2013 obejmujemy ca\u0142y proces produkcji, od konstrukcji stela\u017ca, przez zastosowanie wysokiej jako\u015bci pianki i bezpiecznych komponent\u00f3w, a\u017c po precyzyjne wyko\u0144czenie tapicerskie. Dzi\u0119ki temu mamy pe\u0142n\u0105 kontrol\u0119 nad ka\u017cdym etapem i mo\u017cemy zapewni\u0107 trwa\u0142o\u015b\u0107, komfort oraz niepowtarzalny styl naszych wyrob\u00f3w.<\/p>\n\n\n\n<p>Naszym g\u0142\u00f3wnym rynkiem jest Francja, gdzie stawiamy na po\u0142\u0105czenie <strong>atrakcyjnej ceny<\/strong>, <strong>solidnych materia\u0142\u00f3w<\/strong> i <strong>europejskich standard\u00f3w bezpiecze\u0144stwa<\/strong>. Wykorzystujemy wy\u0142\u0105cznie certyfikowane surowce, by nasze meble by\u0142y bezpieczne, trwa\u0142e i przyjazne dla u\u017cytkownik\u00f3w.<\/p>\n\n\n\n<p>TRADEMAR to wi\u0119cej ni\u017c produkcja \u2013 to zaanga\u017cowanie, precyzja i indywidualne podej\u015bcie do ka\u017cdego projektu. Szukasz partnera, kt\u00f3ry rozumie potrzeby Twojego rynku i dostarczy meble, kt\u00f3re zachwyc\u0105 jako\u015bci\u0105? <strong>Skontaktuj si\u0119 z nami i przekonaj si\u0119, co znaczy prawdziwa pasja do tworzenia!<\/strong><\/p>\n","protected":false},"excerpt":{"rendered":"<p>TRADEMAR Marek St\u0119pie\u0144 \u2013 Tworzymy Meble Tapicerowane z Charakterem TRADEMAR to marka, kt\u00f3ra od 2010 roku nieustannie udowadnia, \u017ce pasja i do\u015bwiadczenie s\u0105 fundamentem doskona\u0142ych mebli. Specjalizujemy si\u0119 w produkcji mebli tapicerowanych, realizuj\u0105c projekty z my\u015bl\u0105 o najwy\u017cszej jako\u015bci wykonania i pe\u0142nym zadowoleniu klient\u00f3w. Nasze meble powstaj\u0105 od podstaw \u2013 obejmujemy ca\u0142y proces produkcji, od &hellip; <\/p>\n<p class=\"link-more\"><a href=\"https:\/\/trademar.eu\/index.php\/informacje\/\" class=\"more-link\">Czytaj dalej<span class=\"screen-reader-text\"> \u201eO nas\u201d<\/span><\/a><\/p>\n","protected":false},"author":1,"featured_media":0,"parent":0,"menu_order":0,"comment_status":"closed","ping_status":"closed","template":"","meta":{"footnotes":""},"class_list":["post-28","page","type-page","status-publish","hentry"],"aioseo_notices":[],"_links":{"self":[{"href":"https:\/\/trademar.eu\/index.php\/wp-json\/wp\/v2\/pages\/28","targetHints":{"allow":["GET"]}}],"collection":[{"href":"https:\/\/trademar.eu\/index.php\/wp-json\/wp\/v2\/pages"}],"about":[{"href":"https:\/\/trademar.eu\/index.php\/wp-json\/wp\/v2\/types\/page"}],"author":[{"embeddable":true,"href":"https:\/\/trademar.eu\/index.php\/wp-json\/wp\/v2\/users\/1"}],"replies":[{"embeddable":true,"href":"https:\/\/trademar.eu\/index.php\/wp-json\/wp\/v2\/comments?post=28"}],"version-history":[{"count":2,"href":"https:\/\/trademar.eu\/index.php\/wp-json\/wp\/v2\/pages\/28\/revisions"}],"predecessor-version":[{"id":84,"href":"https:\/\/trademar.eu\/index.php\/wp-json\/wp\/v2\/pages\/28\/revisions\/84"}],"wp:attachment":[{"href":"https:\/\/trademar.eu\/index.php\/wp-json\/wp\/v2\/media?parent=28"}],"curies":[{"name":"wp","href":"https:\/\/api.w.org\/{rel}","templated":true}]}}