{"id":29,"date":"2025-04-17T23:55:32","date_gmt":"2025-04-17T21:55:32","guid":{"rendered":"http:\/\/trademar.eu\/?page_id=29"},"modified":"2025-04-29T12:17:37","modified_gmt":"2025-04-29T10:17:37","slug":"kontakt","status":"publish","type":"page","link":"https:\/\/trademar.eu\/index.php\/kontakt\/","title":{"rendered":"Kontakt"},"content":{"rendered":"\n<p>TRADEMAR Marek St\u0119pie\u0144<br>ul. Ole\u015bnicka 13b<br>46-100 Namys\u0142\u00f3w<br><br>tel : 787237675<br>mail : biuro@trademar.fr<\/p>\n","protected":false},"excerpt":{"rendered":"<p>TRADEMAR Marek St\u0119pie\u0144ul. Ole\u015bnicka 13b46-100 Namys\u0142\u00f3w tel : 787237675mail : biuro@trademar.fr<\/p>\n","protected":false},"author":1,"featured_media":0,"parent":0,"menu_order":0,"comment_status":"closed","ping_status":"closed","template":"","meta":{"footnotes":""},"class_list":["post-29","page","type-page","status-publish","hentry"],"aioseo_notices":[],"_links":{"self":[{"href":"https:\/\/trademar.eu\/index.php\/wp-json\/wp\/v2\/pages\/29","targetHints":{"allow":["GET"]}}],"collection":[{"href":"https:\/\/trademar.eu\/index.php\/wp-json\/wp\/v2\/pages"}],"about":[{"href":"https:\/\/trademar.eu\/index.php\/wp-json\/wp\/v2\/types\/page"}],"author":[{"embeddable":true,"href":"https:\/\/trademar.eu\/index.php\/wp-json\/wp\/v2\/users\/1"}],"replies":[{"embeddable":true,"href":"https:\/\/trademar.eu\/index.php\/wp-json\/wp\/v2\/comments?post=29"}],"version-history":[{"count":4,"href":"https:\/\/trademar.eu\/index.php\/wp-json\/wp\/v2\/pages\/29\/revisions"}],"predecessor-version":[{"id":158,"href":"https:\/\/trademar.eu\/index.php\/wp-json\/wp\/v2\/pages\/29\/revisions\/158"}],"wp:attachment":[{"href":"https:\/\/trademar.eu\/index.php\/wp-json\/wp\/v2\/media?parent=29"}],"curies":[{"name":"wp","href":"https:\/\/api.w.org\/{rel}","templated":true}]}}