{"id":72,"date":"2025-04-28T18:39:58","date_gmt":"2025-04-28T16:39:58","guid":{"rendered":"https:\/\/trademar.eu\/?page_id=72"},"modified":"2025-04-29T12:08:08","modified_gmt":"2025-04-29T10:08:08","slug":"wspolpraca","status":"publish","type":"page","link":"https:\/\/trademar.eu\/index.php\/wspolpraca\/","title":{"rendered":"Wsp\u00f3\u0142praca"},"content":{"rendered":"\n<p><strong>Nasza firma meblarska specjalizuje si\u0119 w produkcji mebli tapicerowanych. Od lat rozwijamy nasze mo\u017cliwo\u015bci, \u0142\u0105cz\u0105c solidne wykonanie z nowoczesnym podej\u015bciem do projektowania i technologii.<\/strong><\/p>\n\n\n\n<p>Jeste\u015bmy otwarci na nawi\u0105zywanie nowych relacji biznesowych. Poszukujemy dostawc\u00f3w surowc\u00f3w i tkanin, partner\u00f3w \u015bwiadcz\u0105cych us\u0142ugi produkcyjne i logistyczne oraz firm zajmuj\u0105cych si\u0119 transportem krajowym (detalicznym) i mi\u0119dzynarodowym. Szczeg\u00f3lnie zale\u017cy nam na wsp\u00f3\u0142pracy z firmami, kt\u00f3re oferuj\u0105 innowacyjne rozwi\u0105zania i wspieraj\u0105 optymalizacj\u0119 proces\u00f3w produkcyjnych.<\/p>\n\n\n\n<p>Cenimy terminowo\u015b\u0107, profesjonalne podej\u015bcie oraz otwarto\u015b\u0107 na rozw\u00f3j. Innowacja jest dla nas naturalnym kierunkiem, dlatego ch\u0119tnie wsp\u00f3\u0142pracujemy z partnerami, kt\u00f3rzy inspiruj\u0105 do dzia\u0142ania i wsp\u00f3lnego budowania przewagi rynkowej.<\/p>\n\n\n\n<p><strong>Zapraszamy do kontaktu \u2014 razem mo\u017cemy wi\u0119cej!<\/strong><\/p>\n\n\n\n<p><\/p>\n","protected":false},"excerpt":{"rendered":"<p>Nasza firma meblarska specjalizuje si\u0119 w produkcji mebli tapicerowanych. Od lat rozwijamy nasze mo\u017cliwo\u015bci, \u0142\u0105cz\u0105c solidne wykonanie z nowoczesnym podej\u015bciem do projektowania i technologii. Jeste\u015bmy otwarci na nawi\u0105zywanie nowych relacji biznesowych. Poszukujemy dostawc\u00f3w surowc\u00f3w i tkanin, partner\u00f3w \u015bwiadcz\u0105cych us\u0142ugi produkcyjne i logistyczne oraz firm zajmuj\u0105cych si\u0119 transportem krajowym (detalicznym) i mi\u0119dzynarodowym. Szczeg\u00f3lnie zale\u017cy nam na &hellip; <\/p>\n<p class=\"link-more\"><a href=\"https:\/\/trademar.eu\/index.php\/wspolpraca\/\" class=\"more-link\">Czytaj dalej<span class=\"screen-reader-text\"> \u201eWsp\u00f3\u0142praca\u201d<\/span><\/a><\/p>\n","protected":false},"author":1,"featured_media":0,"parent":0,"menu_order":0,"comment_status":"closed","ping_status":"closed","template":"","meta":{"footnotes":""},"class_list":["post-72","page","type-page","status-publish","hentry"],"aioseo_notices":[],"_links":{"self":[{"href":"https:\/\/trademar.eu\/index.php\/wp-json\/wp\/v2\/pages\/72","targetHints":{"allow":["GET"]}}],"collection":[{"href":"https:\/\/trademar.eu\/index.php\/wp-json\/wp\/v2\/pages"}],"about":[{"href":"https:\/\/trademar.eu\/index.php\/wp-json\/wp\/v2\/types\/page"}],"author":[{"embeddable":true,"href":"https:\/\/trademar.eu\/index.php\/wp-json\/wp\/v2\/users\/1"}],"replies":[{"embeddable":true,"href":"https:\/\/trademar.eu\/index.php\/wp-json\/wp\/v2\/comments?post=72"}],"version-history":[{"count":2,"href":"https:\/\/trademar.eu\/index.php\/wp-json\/wp\/v2\/pages\/72\/revisions"}],"predecessor-version":[{"id":156,"href":"https:\/\/trademar.eu\/index.php\/wp-json\/wp\/v2\/pages\/72\/revisions\/156"}],"wp:attachment":[{"href":"https:\/\/trademar.eu\/index.php\/wp-json\/wp\/v2\/media?parent=72"}],"curies":[{"name":"wp","href":"https:\/\/api.w.org\/{rel}","templated":true}]}}